{"id":6,"date":"2022-07-18T17:16:55","date_gmt":"2022-07-18T17:16:55","guid":{"rendered":"http:\/\/checklistdigital.net\/?page_id=6"},"modified":"2023-08-07T00:15:40","modified_gmt":"2023-08-07T00:15:40","slug":"elementor-6","status":"publish","type":"page","link":"https:\/\/checklistdigital.net\/index.php\/elementor-6\/","title":{"rendered":"Elementor #6"},"content":{"rendered":"<style>\/*! elementor - v3.6.7 - 03-07-2022 *\/<br \/>\n.elementor-heading-title{padding:0;margin:0;line-height:1}.elementor-widget-heading .elementor-heading-title[class*=elementor-size-]>a{color:inherit;font-size:inherit;line-height:inherit}.elementor-widget-heading .elementor-heading-title.elementor-size-small{font-size:15px}.elementor-widget-heading .elementor-heading-title.elementor-size-medium{font-size:19px}.elementor-widget-heading .elementor-heading-title.elementor-size-large{font-size:29px}.elementor-widget-heading .elementor-heading-title.elementor-size-xl{font-size:39px}.elementor-widget-heading .elementor-heading-title.elementor-size-xxl{font-size:59px}<\/style>\n<h1>Sue\u00f1a en tu software<br \/>\ny nosotros lo hacemos realidad<\/h1>\n<h5>Nos especializamos en proyectos para Gobierno<br \/>\ny empresas Transnacionales<\/h5>\n<style>\/*! elementor - v3.6.7 - 03-07-2022 *\/<br \/>\n.e-container.e-container--row .elementor-spacer-inner{width:var(--spacer-size)}.e-container.e-container--column .elementor-spacer-inner,.elementor-column .elementor-spacer-inner{height:var(--spacer-size)}<\/style>\n<h2>Somos Directed Electronics DEV<\/h2>\n<h5>Un software o aplicaci\u00f3n es una herramienta que te puede elevar al \u00e9xito de manera exponencial<\/h5>\n<style>\/*! elementor - v3.6.7 - 03-07-2022 *\/<br \/>\n.elementor-widget-image{text-align:center}.elementor-widget-image a{display:inline-block}.elementor-widget-image a img[src$=\".svg\"]{width:48px}.elementor-widget-image img{vertical-align:middle;display:inline-block}<\/style>\n<p>\t\t\t\t\t\t\t\t\t\t\t\t<img loading=\"lazy\" decoding=\"async\" width=\"480\" height=\"270\" src=\"http:\/\/checklistdigital.net\/wp-content\/uploads\/2022\/07\/90eh.gif\" alt=\"\" loading=\"lazy\"><\/p>\n<p>En esta \u00e9poca tenemos que enfrentar miles de retos para poder salir adelante.<\/p>\n<p>Por eso es que necesitamos de herramientas que nos ayuden a ser mas productivos, mas eficientes y mas r\u00e1pidos.<\/p>\n<p>Para esto desarrollamos aplicaciones de software que cumplen con tus requerimientos para poder conseguir los resultados que tanto esperas!<\/p>\n<h3>Experiencia y Calidad<\/h3>\n<p>Mas de 10 a\u00f1os en el mercado nos han ayudado ha conocer las necesidades de los clientes y ha satisfacer sus necesidades seg\u00fan los requerimientos.&nbsp;<\/p>\n<p>Adem\u00e1s de saber cuales son las tecnolog\u00edas m\u00e1s adecuadas para cada proyecto.&nbsp;<\/p>\n<h3>Soluciones a tu medida<\/h3>\n<p>Nosotros te escuchamos y te proponemos lo mas adecuado para tu proyecto, siempre intentado darte lo mejor al mejor precio para que puedas hacer realidad tus aplicaciones y que las puedas implementar en el menor tiempo posible.<\/p>\n<link rel=\"stylesheet\" href=\"http:\/\/checklistdigital.net\/wp-content\/plugins\/elementor\/assets\/css\/widget-icon-box.min.css\">\n<h3>\n\t\t\t\t\t\tProyectos Alta Gamma<\/h3>\n<p>Nos especializamos en proyectos para Gobiernos, Clusters, Grandes empresas.<br \/>\nManejo de Big Data<br \/>\nDashboard especializados<br \/>\nGran variedad de reportes<\/p>\n<h3>\n\t\t\t\t\t\tProyectos con gran cantidad de procesos<\/h3>\n<p>Flujos Lineales<br \/>\nFlujos en Paralelo o en lotes<br \/>\nCancelaciones<\/p>\n<h3>\n\t\t\t\t\t\tModulos Integrados<\/h3>\n<p>Para tener 1 solo sistema todo integrado<br \/>\nInteroperabilidad con terceros<\/p>\n<h3>\n\t\t\t\t\t\tProyectos con mucha funcionalidad requerida<\/h3>\n<p>Muchas formas de captura diferentes<br \/>\nComponentes reutilizables<br \/>\nN-niveles de Sub Documentos<\/p>\n<h3>\n\t\t\t\t\t\tProyectos para gran cantidad de usuarios<\/h3>\n<p>Gran cantidad de roles<br \/>\nDiferentes perfiles<br \/>\nvariedad de interfaces<\/p>\n<h3>\n\t\t\t\t\t\tExperiencia del Usuario<\/h3>\n<p>Facilidad de uso, f\u00e1cil aprendizaje<br \/>\nDise\u00f1o grafico adaptable<br \/>\nLujo de detalles<\/p>\n<p><img loading=\"lazy\" decoding=\"async\" width=\"398\" height=\"535\" src=\"http:\/\/checklistdigital.net\/wp-content\/uploads\/2022\/07\/Ib4D.gif\" alt=\"\" loading=\"lazy\"><\/p>\n<p><em>Desentra\u00f1amos tus ideas para saber exactamente lo que tu necesitas para poder desarrollar las ideas y plasmarlas en software para que conseguir las mejores soluciones para que trabajen por ti.<\/em><\/p>\n<h3>ESTANDARES INTERNACIONALES<\/h3>\n<p>\u2022 ANSI<br \/>\n\u2022 EAN<br \/>\n\u2022 GS1<br \/>\n\u2022 UNSPSC<br \/>\n\u2022 Entre otros<\/p>\n<h3>ESTANDARES LOCALES:<\/h3>\n<p>\u2022 NOM<br \/>\n\u2022 Entre otros<\/p>\n<h3>ESTANDARES POR INDUSTRIA<\/h3>\n<p>\u2022 HL7<br \/>\n\u2022 FHIR<br \/>\n\u2022 Snomed-CT<br \/>\n\u2022 ICD<br \/>\n\u2022 LOINC<br \/>\n\u2022 entre otros<\/p>\n<h2>\u00bfProblemas de comunicaci\u00f3n internos?<\/h2>\n<p>Creamos tu propia red social dentro de tu empresa, para que todos los integrantes se enteren de lo que esta sucediendo en la empresa.<\/p>\n<p>Redes grupales por \u00e1rea, tipo de inter\u00e9s, actividades, ubicaciones, la mejor forma de tener comunicada a todos los miembros de la empresa, de eventos, capacitaciones, informaci\u00f3n delicada e importante.<\/p>\n<p>\u00c1reas de capacitaci\u00f3n a los empleados para que siempre est\u00e9n a la vanguardia.<\/p>\n<p>Muro personal y grupal para la interacci\u00f3n de los integrantes.<\/p>\n<p>Informaci\u00f3n de perfiles de cada miembro de la organizaci\u00f3n para poder trabajar en conjunto y hacer proyectos internos entre \u00e1reas.<\/p>\n<p><strong>F\u00e1cil y r\u00e1pida implementaci\u00f3n&nbsp;<\/strong><\/p>\n<style>\/*! elementor - v3.6.7 - 03-07-2022 *\/<br \/>\n.elementor-widget-image-carousel .swiper-container{position:static}.elementor-widget-image-carousel .swiper-container .swiper-slide figure{line-height:inherit}.elementor-widget-image-carousel .swiper-slide{text-align:center}.elementor-image-carousel-wrapper:not(.swiper-container-initialized) .swiper-slide{max-width:calc(100% \/ var(--e-image-carousel-slides-to-show, 3))}<\/style>\n<figure><img decoding=\"async\" src=\"http:\/\/checklistdigital.net\/wp-content\/uploads\/2022\/08\/humand-1.png\" alt=\"humand 1\"><\/figure>\n<figure><img decoding=\"async\" src=\"http:\/\/checklistdigital.net\/wp-content\/uploads\/2022\/08\/humand-2.png\" alt=\"humand 2\"><\/figure>\n<figure><img decoding=\"async\" src=\"http:\/\/checklistdigital.net\/wp-content\/uploads\/2022\/08\/humand-3.png\" alt=\"humand 3\"><\/figure>\n<figure><img decoding=\"async\" src=\"http:\/\/checklistdigital.net\/wp-content\/uploads\/2022\/08\/humand-4.png\" alt=\"humand 4\"><\/figure>\n<p>Previous<br \/>\nNext<\/p>\n<h3>\n\t\t\t\t\t\tEl gran reto es:<\/h3>\n<p>\u201cPoder construir y<br \/>\nmantener una soluci\u00f3n de alta calidad que<br \/>\npueda integrar todas estas tecnolog\u00edas,<br \/>\nconceptos, y est\u00e1ndares, en poco tiempo y<br \/>\ncon pocos recursos, enfocados a resolver el<br \/>\nproblema funcional\u201d.<\/p>\n<h3>ALGUNOS DE NUESTROS CLIENTES<\/h3>\n<p><img loading=\"lazy\" decoding=\"async\" width=\"886\" height=\"476\" src=\"http:\/\/checklistdigital.net\/wp-content\/uploads\/2022\/07\/nuestros-clientes.png\" alt=\"\" loading=\"lazy\" srcset=\"http:\/\/checklistdigital.net\/wp-content\/uploads\/2022\/07\/nuestros-clientes.png 886w, http:\/\/checklistdigital.net\/wp-content\/uploads\/2022\/07\/nuestros-clientes-300x161.png 300w, http:\/\/checklistdigital.net\/wp-content\/uploads\/2022\/07\/nuestros-clientes-768x413.png 768w\" sizes=\"auto, (max-width: 886px) 100vw, 886px\"><\/p>\n<h4>Contactanos para empezar a desarrollar el software que tu necesitas<\/h4>\n<div class=\"wpforms-container wpforms-container-full\" id=\"wpforms-101\"><form id=\"wpforms-form-101\" class=\"wpforms-validate wpforms-form wpforms-ajax-form\" data-formid=\"101\" method=\"post\" enctype=\"multipart\/form-data\" action=\"\/index.php\/wp-json\/wp\/v2\/pages\/6\" data-token=\"a936e1bc6f2e95952787eeb3ab0d2dbe\" data-token-time=\"1776152132\"><noscript class=\"wpforms-error-noscript\">Please enable JavaScript in your browser to complete this form.<\/noscript><div class=\"wpforms-field-container\"><div id=\"wpforms-101-field_1-container\" class=\"wpforms-field wpforms-field-text\" data-field-id=\"1\"><label class=\"wpforms-field-label\" for=\"wpforms-101-field_1\">Nombre y apellido <span class=\"wpforms-required-label\">*<\/span><\/label><input type=\"text\" id=\"wpforms-101-field_1\" class=\"wpforms-field-medium wpforms-field-required wpforms-limit-characters-enabled\" data-form-id=\"101\" data-field-id=\"1\" data-text-limit=\"60\" name=\"wpforms[fields][1]\" maxlength=\"60\" required><\/div><div id=\"wpforms-101-field_3-container\" class=\"wpforms-field wpforms-field-email\" data-field-id=\"3\"><label class=\"wpforms-field-label\" for=\"wpforms-101-field_3\">Email <span class=\"wpforms-required-label\">*<\/span><\/label><input type=\"email\" id=\"wpforms-101-field_3\" class=\"wpforms-field-medium wpforms-field-required\" name=\"wpforms[fields][3]\" spellcheck=\"false\" required><\/div><div id=\"wpforms-101-field_8-container\" class=\"wpforms-field wpforms-field-text\" data-field-id=\"8\"><label class=\"wpforms-field-label\" for=\"wpforms-101-field_8\">Nombre de la Empresa<\/label><input type=\"text\" id=\"wpforms-101-field_8\" class=\"wpforms-field-medium wpforms-limit-characters-enabled\" data-form-id=\"101\" data-field-id=\"8\" data-text-limit=\"50\" name=\"wpforms[fields][8]\" maxlength=\"50\" ><\/div><div id=\"wpforms-101-field_4-container\" class=\"wpforms-field wpforms-field-number\" data-field-id=\"4\"><label class=\"wpforms-field-label\" for=\"wpforms-101-field_4\">Telefono con LADA<\/label><input type=\"number\" id=\"wpforms-101-field_4\" class=\"wpforms-field-medium\" name=\"wpforms[fields][4]\" step=\"any\" ><\/div><\/div><!-- .wpforms-field-container --><div class=\"wpforms-submit-container\" ><input type=\"hidden\" name=\"wpforms[id]\" value=\"101\"><input type=\"hidden\" name=\"page_title\" value=\"\"><input type=\"hidden\" name=\"page_url\" value=\"https:\/\/checklistdigital.net\/index.php\/wp-json\/wp\/v2\/pages\/6\"><input type=\"hidden\" name=\"url_referer\" value=\"\"><button type=\"submit\" name=\"wpforms[submit]\" id=\"wpforms-submit-101\" class=\"wpforms-submit\" data-alt-text=\"Enviando...\" data-submit-text=\"ENVIAR\" aria-live=\"assertive\" value=\"wpforms-submit\">ENVIAR<\/button><img decoding=\"async\" src=\"https:\/\/checklistdigital.net\/wp-content\/plugins\/wpforms-lite\/assets\/images\/submit-spin.svg\" class=\"wpforms-submit-spinner\" style=\"display: none;\" width=\"26\" height=\"26\" alt=\"Loading\"><\/div><\/form><\/div>  <!-- .wpforms-container -->\n<h4>Directed electronics DEV<\/h4>\n<h6>desarrollos tecnologicos para dar soluciones reales<\/h6>\n<p>jacobo@directed.com.mx<\/p>\n<p>Tel: 55 25855 5675<\/p>\n<p>con nosotros si hablas con un humano<\/p>\n","protected":false},"excerpt":{"rendered":"<p>Sue\u00f1a en tu software y nosotros lo hacemos realidad Nos especializamos en proyectos para Gobierno y empresas Transnacionales Somos Directed Electronics DEV Un software o aplicaci\u00f3n es una herramienta que te puede elevar al \u00e9xito de manera exponencial En esta \u00e9poca tenemos que enfrentar miles de retos para poder salir adelante. Por eso es que [&hellip;]<\/p>\n","protected":false},"author":1,"featured_media":0,"parent":0,"menu_order":0,"comment_status":"closed","ping_status":"closed","template":"","meta":{"om_disable_all_campaigns":false,"_monsterinsights_skip_tracking":false,"_monsterinsights_sitenote_active":false,"_monsterinsights_sitenote_note":"","_monsterinsights_sitenote_category":0,"footnotes":""},"class_list":["post-6","page","type-page","status-publish","hentry"],"aioseo_notices":[],"_links":{"self":[{"href":"https:\/\/checklistdigital.net\/index.php\/wp-json\/wp\/v2\/pages\/6","targetHints":{"allow":["GET"]}}],"collection":[{"href":"https:\/\/checklistdigital.net\/index.php\/wp-json\/wp\/v2\/pages"}],"about":[{"href":"https:\/\/checklistdigital.net\/index.php\/wp-json\/wp\/v2\/types\/page"}],"author":[{"embeddable":true,"href":"https:\/\/checklistdigital.net\/index.php\/wp-json\/wp\/v2\/users\/1"}],"replies":[{"embeddable":true,"href":"https:\/\/checklistdigital.net\/index.php\/wp-json\/wp\/v2\/comments?post=6"}],"version-history":[{"count":210,"href":"https:\/\/checklistdigital.net\/index.php\/wp-json\/wp\/v2\/pages\/6\/revisions"}],"predecessor-version":[{"id":282,"href":"https:\/\/checklistdigital.net\/index.php\/wp-json\/wp\/v2\/pages\/6\/revisions\/282"}],"wp:attachment":[{"href":"https:\/\/checklistdigital.net\/index.php\/wp-json\/wp\/v2\/media?parent=6"}],"curies":[{"name":"wp","href":"https:\/\/api.w.org\/{rel}","templated":true}]}}